{"id":2,"date":"2023-12-11T11:08:58","date_gmt":"2023-12-11T10:08:58","guid":{"rendered":"http:\/\/bieglyaudyt.pl\/?page_id=2"},"modified":"2024-01-08T23:04:01","modified_gmt":"2024-01-08T22:04:01","slug":"start","status":"publish","type":"page","link":"https:\/\/bieglyaudyt.pl\/","title":{"rendered":"Start"},"content":{"rendered":"\n<p><strong><em>Bieg\u0142y Audyt<\/em><\/strong> to miejsce kt\u00f3re powsta\u0142o z pasji do finans\u00f3w oraz ch\u0119ci dzielenia si\u0119 wiedz\u0105 na temat kluczowych aspekt\u00f3w zwi\u0105zanych z tworzeniem sprawozda\u0144 finansowych, audytem i rachunkowo\u015bci\u0105. Chcemy aby ten blog by\u0142 inspiracj\u0105 dla m\u0142odych audytor\u00f3w oraz stanowi\u0142 pomocn\u0105 d\u0142o\u0144 dla os\u00f3b sporz\u0105dzaj\u0105cych sprawozdania finansowe. <\/p>\n\n\n\n<blockquote class=\"wp-block-quote is-layout-flow wp-block-quote-is-layout-flow\">\n<p><em>&#8222;W \u015bwiecie biznesu, inwestycji i ksi\u0119gowo\u015bci nie ma nagr\u00f3d za to, co jest \u0142atwe. Dlatego musimy pracowa\u0107 ci\u0119\u017cko, aby osi\u0105gn\u0105\u0107 precyzj\u0119.&#8221;<\/em> \u2013 Charlie Munger.<\/p>\n<\/blockquote>\n\n\n\n<div class=\"wp-block-media-text is-stacked-on-mobile\" style=\"grid-template-columns:38% auto\"><figure class=\"wp-block-media-text__media\"><img fetchpriority=\"high\" decoding=\"async\" width=\"1024\" height=\"585\" src=\"https:\/\/bieglyaudyt.pl\/wp-content\/uploads\/2024\/01\/biegly-rewident-audyt-sprawozdania-badanie-sprawozdania-audyt-finansowy-1-1024x585.png\" alt=\"\" class=\"wp-image-290 size-full\" srcset=\"https:\/\/bieglyaudyt.pl\/wp-content\/uploads\/2024\/01\/biegly-rewident-audyt-sprawozdania-badanie-sprawozdania-audyt-finansowy-1-1024x585.png 1024w, https:\/\/bieglyaudyt.pl\/wp-content\/uploads\/2024\/01\/biegly-rewident-audyt-sprawozdania-badanie-sprawozdania-audyt-finansowy-1-300x171.png 300w, https:\/\/bieglyaudyt.pl\/wp-content\/uploads\/2024\/01\/biegly-rewident-audyt-sprawozdania-badanie-sprawozdania-audyt-finansowy-1-768x439.png 768w, https:\/\/bieglyaudyt.pl\/wp-content\/uploads\/2024\/01\/biegly-rewident-audyt-sprawozdania-badanie-sprawozdania-audyt-finansowy-1-1536x877.png 1536w, https:\/\/bieglyaudyt.pl\/wp-content\/uploads\/2024\/01\/biegly-rewident-audyt-sprawozdania-badanie-sprawozdania-audyt-finansowy-1.png 1600w\" sizes=\"(max-width: 1024px) 100vw, 1024px\" \/><\/figure><div class=\"wp-block-media-text__content\">\n<p>Uk\u0142ad strony:<\/p>\n\n\n\n<ul class=\"wp-block-list\">\n<li><a href=\"https:\/\/bieglyaudyt.pl\/?page_id=32\" data-type=\"link\" data-id=\"https:\/\/bieglyaudyt.pl\/?page_id=32\"><strong><em>Ksi\u0119gowe Porachunki<\/em><\/strong> <\/a>&#8211; sekcja ta prowadzona jest w formie bloga na kt\u00f3rym poruszamy tematy rachunkowe zwi\u0105zane z prowadzeniem ksi\u0105g handlowych (pe\u0142nej ksi\u0119gowo\u015bci) i sporz\u0105dzeniem sprawozdania finansowego. Staramy si\u0119 w dok\u0142adny spos\u00f3b opisa\u0107 i wyja\u015bni\u0107 wszystkie niuanse zwi\u0105zane z danym tematem. Dodatkowo za\u0142\u0105czamy wiele szablon\u00f3w i studi\u00f3w przypadku kt\u00f3re w lepszy spos\u00f3b obrazuj\u0105 problem. <\/li>\n\n\n\n<li><strong><em><a href=\"https:\/\/bieglyaudyt.pl\/?page_id=35\" data-type=\"link\" data-id=\"https:\/\/bieglyaudyt.pl\/?page_id=35\">Aktywny Audyt &#8211;<\/a> <\/em><\/strong>ta cz\u0119\u015b\u0107 strony po\u015bwi\u0119cona jest typowo tematyce audytu. Skupiamy si\u0119 na wyja\u015bnieniu zasad i metodologii stosowanej przez bieg\u0142ego rewidenta podczas badania sprawozdania finansowego. Chcemy te\u017c przekona\u0107 m\u0142ode pokolenie \u017ce audyt to \u015bwietna \u015bcie\u017cka kariery a nie tylko Kredyt i Debet w Excelu.   <\/li>\n<\/ul>\n<\/div><\/div>\n","protected":false},"excerpt":{"rendered":"<p>Bieg\u0142y Audyt to miejsce kt\u00f3re powsta\u0142o z pasji do finans\u00f3w oraz ch\u0119ci dzielenia si\u0119 wiedz\u0105 na temat kluczowych aspekt\u00f3w zwi\u0105zanych z tworzeniem sprawozda\u0144 finansowych, audytem i rachunkowo\u015bci\u0105. Chcemy aby ten blog by\u0142 inspiracj\u0105 dla m\u0142odych audytor\u00f3w oraz stanowi\u0142 pomocn\u0105 d\u0142o\u0144 dla os\u00f3b sporz\u0105dzaj\u0105cych sprawozdania finansowe. &#8222;W \u015bwiecie biznesu, inwestycji i ksi\u0119gowo\u015bci nie ma nagr\u00f3d za to, co jest \u0142atwe. Dlatego [&hellip;]<\/p>\n","protected":false},"author":1,"featured_media":0,"parent":0,"menu_order":1,"comment_status":"closed","ping_status":"closed","template":"","meta":{"footnotes":""},"class_list":["post-2","page","type-page","status-publish","hentry"],"yoast_head":"<!-- This site is optimized with the Yoast SEO plugin v21.8 - https:\/\/yoast.com\/wordpress\/plugins\/seo\/ -->\n<title>Start - Bieg\u0142y Audyt<\/title>\n<meta name=\"robots\" content=\"index, follow, max-snippet:-1, max-image-preview:large, max-video-preview:-1\" \/>\n<link rel=\"canonical\" href=\"https:\/\/bieglyaudyt.pl\/\" \/>\n<meta property=\"og:locale\" content=\"pl_PL\" \/>\n<meta property=\"og:type\" content=\"article\" \/>\n<meta property=\"og:title\" content=\"Start - Bieg\u0142y Audyt\" \/>\n<meta property=\"og:description\" content=\"Bieg\u0142y Audyt to miejsce kt\u00f3re powsta\u0142o z pasji do finans\u00f3w oraz ch\u0119ci dzielenia si\u0119 wiedz\u0105 na temat kluczowych aspekt\u00f3w zwi\u0105zanych z tworzeniem sprawozda\u0144 finansowych, audytem i rachunkowo\u015bci\u0105. Chcemy aby ten blog by\u0142 inspiracj\u0105 dla m\u0142odych audytor\u00f3w oraz stanowi\u0142 pomocn\u0105 d\u0142o\u0144 dla os\u00f3b sporz\u0105dzaj\u0105cych sprawozdania finansowe. &#8222;W \u015bwiecie biznesu, inwestycji i ksi\u0119gowo\u015bci nie ma nagr\u00f3d za to, co jest \u0142atwe. Dlatego [&hellip;]\" \/>\n<meta property=\"og:url\" content=\"https:\/\/bieglyaudyt.pl\/\" \/>\n<meta property=\"og:site_name\" content=\"Bieg\u0142y Audyt\" \/>\n<meta property=\"article:modified_time\" content=\"2024-01-08T22:04:01+00:00\" \/>\n<meta property=\"og:image\" content=\"https:\/\/bieglyaudyt.pl\/wp-content\/uploads\/2024\/01\/biegly-rewident-audyt-sprawozdania-badanie-sprawozdania-audyt-finansowy-1-1024x585.png\" \/>\n<meta name=\"twitter:card\" content=\"summary_large_image\" \/>\n<meta name=\"twitter:label1\" content=\"Szacowany czas czytania\" \/>\n\t<meta name=\"twitter:data1\" content=\"1 minuta\" \/>\n<script type=\"application\/ld+json\" class=\"yoast-schema-graph\">{\"@context\":\"https:\/\/schema.org\",\"@graph\":[{\"@type\":\"WebPage\",\"@id\":\"https:\/\/bieglyaudyt.pl\/\",\"url\":\"https:\/\/bieglyaudyt.pl\/\",\"name\":\"Start - Bieg\u0142y Audyt\",\"isPartOf\":{\"@id\":\"https:\/\/bieglyaudyt.pl\/#website\"},\"datePublished\":\"2023-12-11T10:08:58+00:00\",\"dateModified\":\"2024-01-08T22:04:01+00:00\",\"breadcrumb\":{\"@id\":\"https:\/\/bieglyaudyt.pl\/#breadcrumb\"},\"inLanguage\":\"pl-PL\",\"potentialAction\":[{\"@type\":\"ReadAction\",\"target\":[\"https:\/\/bieglyaudyt.pl\/\"]}]},{\"@type\":\"BreadcrumbList\",\"@id\":\"https:\/\/bieglyaudyt.pl\/#breadcrumb\",\"itemListElement\":[{\"@type\":\"ListItem\",\"position\":1,\"name\":\"Strona g\u0142\u00f3wna\",\"item\":\"https:\/\/bieglyaudyt.pl\/\"},{\"@type\":\"ListItem\",\"position\":2,\"name\":\"Start\"}]},{\"@type\":\"WebSite\",\"@id\":\"https:\/\/bieglyaudyt.pl\/#website\",\"url\":\"https:\/\/bieglyaudyt.pl\/\",\"name\":\"Bieg\u0142y Audyt\",\"description\":\"\",\"publisher\":{\"@id\":\"https:\/\/bieglyaudyt.pl\/#organization\"},\"potentialAction\":[{\"@type\":\"SearchAction\",\"target\":{\"@type\":\"EntryPoint\",\"urlTemplate\":\"https:\/\/bieglyaudyt.pl\/?s={search_term_string}\"},\"query-input\":\"required name=search_term_string\"}],\"inLanguage\":\"pl-PL\"},{\"@type\":\"Organization\",\"@id\":\"https:\/\/bieglyaudyt.pl\/#organization\",\"name\":\"Bieg\u0142y Audyt\",\"url\":\"https:\/\/bieglyaudyt.pl\/\",\"logo\":{\"@type\":\"ImageObject\",\"inLanguage\":\"pl-PL\",\"@id\":\"https:\/\/bieglyaudyt.pl\/#\/schema\/logo\/image\/\",\"url\":\"https:\/\/bieglyaudyt.pl\/wp-content\/uploads\/2024\/01\/cropped-biegly-rewident-audyt-finasowy-1.png\",\"contentUrl\":\"https:\/\/bieglyaudyt.pl\/wp-content\/uploads\/2024\/01\/cropped-biegly-rewident-audyt-finasowy-1.png\",\"width\":1600,\"height\":475,\"caption\":\"Bieg\u0142y Audyt\"},\"image\":{\"@id\":\"https:\/\/bieglyaudyt.pl\/#\/schema\/logo\/image\/\"}}]}<\/script>\n<!-- \/ Yoast SEO plugin. -->","yoast_head_json":{"title":"Start - Bieg\u0142y Audyt","robots":{"index":"index","follow":"follow","max-snippet":"max-snippet:-1","max-image-preview":"max-image-preview:large","max-video-preview":"max-video-preview:-1"},"canonical":"https:\/\/bieglyaudyt.pl\/","og_locale":"pl_PL","og_type":"article","og_title":"Start - Bieg\u0142y Audyt","og_description":"Bieg\u0142y Audyt to miejsce kt\u00f3re powsta\u0142o z pasji do finans\u00f3w oraz ch\u0119ci dzielenia si\u0119 wiedz\u0105 na temat kluczowych aspekt\u00f3w zwi\u0105zanych z tworzeniem sprawozda\u0144 finansowych, audytem i rachunkowo\u015bci\u0105. Chcemy aby ten blog by\u0142 inspiracj\u0105 dla m\u0142odych audytor\u00f3w oraz stanowi\u0142 pomocn\u0105 d\u0142o\u0144 dla os\u00f3b sporz\u0105dzaj\u0105cych sprawozdania finansowe. &#8222;W \u015bwiecie biznesu, inwestycji i ksi\u0119gowo\u015bci nie ma nagr\u00f3d za to, co jest \u0142atwe. Dlatego [&hellip;]","og_url":"https:\/\/bieglyaudyt.pl\/","og_site_name":"Bieg\u0142y Audyt","article_modified_time":"2024-01-08T22:04:01+00:00","og_image":[{"url":"https:\/\/bieglyaudyt.pl\/wp-content\/uploads\/2024\/01\/biegly-rewident-audyt-sprawozdania-badanie-sprawozdania-audyt-finansowy-1-1024x585.png"}],"twitter_card":"summary_large_image","twitter_misc":{"Szacowany czas czytania":"1 minuta"},"schema":{"@context":"https:\/\/schema.org","@graph":[{"@type":"WebPage","@id":"https:\/\/bieglyaudyt.pl\/","url":"https:\/\/bieglyaudyt.pl\/","name":"Start - Bieg\u0142y Audyt","isPartOf":{"@id":"https:\/\/bieglyaudyt.pl\/#website"},"datePublished":"2023-12-11T10:08:58+00:00","dateModified":"2024-01-08T22:04:01+00:00","breadcrumb":{"@id":"https:\/\/bieglyaudyt.pl\/#breadcrumb"},"inLanguage":"pl-PL","potentialAction":[{"@type":"ReadAction","target":["https:\/\/bieglyaudyt.pl\/"]}]},{"@type":"BreadcrumbList","@id":"https:\/\/bieglyaudyt.pl\/#breadcrumb","itemListElement":[{"@type":"ListItem","position":1,"name":"Strona g\u0142\u00f3wna","item":"https:\/\/bieglyaudyt.pl\/"},{"@type":"ListItem","position":2,"name":"Start"}]},{"@type":"WebSite","@id":"https:\/\/bieglyaudyt.pl\/#website","url":"https:\/\/bieglyaudyt.pl\/","name":"Bieg\u0142y Audyt","description":"","publisher":{"@id":"https:\/\/bieglyaudyt.pl\/#organization"},"potentialAction":[{"@type":"SearchAction","target":{"@type":"EntryPoint","urlTemplate":"https:\/\/bieglyaudyt.pl\/?s={search_term_string}"},"query-input":"required name=search_term_string"}],"inLanguage":"pl-PL"},{"@type":"Organization","@id":"https:\/\/bieglyaudyt.pl\/#organization","name":"Bieg\u0142y Audyt","url":"https:\/\/bieglyaudyt.pl\/","logo":{"@type":"ImageObject","inLanguage":"pl-PL","@id":"https:\/\/bieglyaudyt.pl\/#\/schema\/logo\/image\/","url":"https:\/\/bieglyaudyt.pl\/wp-content\/uploads\/2024\/01\/cropped-biegly-rewident-audyt-finasowy-1.png","contentUrl":"https:\/\/bieglyaudyt.pl\/wp-content\/uploads\/2024\/01\/cropped-biegly-rewident-audyt-finasowy-1.png","width":1600,"height":475,"caption":"Bieg\u0142y Audyt"},"image":{"@id":"https:\/\/bieglyaudyt.pl\/#\/schema\/logo\/image\/"}}]}},"_links":{"self":[{"href":"https:\/\/bieglyaudyt.pl\/index.php?rest_route=\/wp\/v2\/pages\/2","targetHints":{"allow":["GET"]}}],"collection":[{"href":"https:\/\/bieglyaudyt.pl\/index.php?rest_route=\/wp\/v2\/pages"}],"about":[{"href":"https:\/\/bieglyaudyt.pl\/index.php?rest_route=\/wp\/v2\/types\/page"}],"author":[{"embeddable":true,"href":"https:\/\/bieglyaudyt.pl\/index.php?rest_route=\/wp\/v2\/users\/1"}],"replies":[{"embeddable":true,"href":"https:\/\/bieglyaudyt.pl\/index.php?rest_route=%2Fwp%2Fv2%2Fcomments&post=2"}],"version-history":[{"count":13,"href":"https:\/\/bieglyaudyt.pl\/index.php?rest_route=\/wp\/v2\/pages\/2\/revisions"}],"predecessor-version":[{"id":291,"href":"https:\/\/bieglyaudyt.pl\/index.php?rest_route=\/wp\/v2\/pages\/2\/revisions\/291"}],"wp:attachment":[{"href":"https:\/\/bieglyaudyt.pl\/index.php?rest_route=%2Fwp%2Fv2%2Fmedia&parent=2"}],"curies":[{"name":"wp","href":"https:\/\/api.w.org\/{rel}","templated":true}]}}