{"id":155,"date":"2023-12-27T15:49:32","date_gmt":"2023-12-27T14:49:32","guid":{"rendered":"http:\/\/bieglyaudyt.pl\/?page_id=155"},"modified":"2024-01-09T22:31:19","modified_gmt":"2024-01-09T21:31:19","slug":"istotne-liczby-jak-materialnosc-definiuje-zakres-audytu","status":"publish","type":"page","link":"https:\/\/bieglyaudyt.pl\/?page_id=155","title":{"rendered":"Istotne liczby: Jak materialno\u015b\u0107 definiuje zakres audytu"},"content":{"rendered":"\n<p><em>Tre\u015b\u0107 w trakcie przygotowania<\/em><\/p>\n","protected":false},"excerpt":{"rendered":"<p>Tre\u015b\u0107 w trakcie przygotowania<\/p>\n","protected":false},"author":2,"featured_media":0,"parent":152,"menu_order":9,"comment_status":"closed","ping_status":"closed","template":"","meta":{"footnotes":""},"class_list":["post-155","page","type-page","status-publish","hentry"],"yoast_head":"<!-- This site is optimized with the Yoast SEO plugin v21.8 - https:\/\/yoast.com\/wordpress\/plugins\/seo\/ -->\n<title>Istotne liczby: Jak materialno\u015b\u0107 definiuje zakres audytu - Bieg\u0142y Audyt<\/title>\n<meta name=\"robots\" content=\"index, follow, max-snippet:-1, max-image-preview:large, max-video-preview:-1\" \/>\n<link rel=\"canonical\" href=\"https:\/\/bieglyaudyt.pl\/?page_id=155\" \/>\n<meta property=\"og:locale\" content=\"pl_PL\" \/>\n<meta property=\"og:type\" content=\"article\" \/>\n<meta property=\"og:title\" content=\"Istotne liczby: Jak materialno\u015b\u0107 definiuje zakres audytu - Bieg\u0142y Audyt\" \/>\n<meta property=\"og:description\" content=\"Tre\u015b\u0107 w trakcie przygotowania\" \/>\n<meta property=\"og:url\" content=\"https:\/\/bieglyaudyt.pl\/?page_id=155\" \/>\n<meta property=\"og:site_name\" content=\"Bieg\u0142y Audyt\" \/>\n<meta property=\"article:modified_time\" content=\"2024-01-09T21:31:19+00:00\" \/>\n<meta name=\"twitter:card\" content=\"summary_large_image\" \/>\n<script type=\"application\/ld+json\" class=\"yoast-schema-graph\">{\"@context\":\"https:\/\/schema.org\",\"@graph\":[{\"@type\":\"WebPage\",\"@id\":\"https:\/\/bieglyaudyt.pl\/?page_id=155\",\"url\":\"https:\/\/bieglyaudyt.pl\/?page_id=155\",\"name\":\"Istotne liczby: Jak materialno\u015b\u0107 definiuje zakres audytu - Bieg\u0142y Audyt\",\"isPartOf\":{\"@id\":\"https:\/\/bieglyaudyt.pl\/#website\"},\"datePublished\":\"2023-12-27T14:49:32+00:00\",\"dateModified\":\"2024-01-09T21:31:19+00:00\",\"breadcrumb\":{\"@id\":\"https:\/\/bieglyaudyt.pl\/?page_id=155#breadcrumb\"},\"inLanguage\":\"pl-PL\",\"potentialAction\":[{\"@type\":\"ReadAction\",\"target\":[\"https:\/\/bieglyaudyt.pl\/?page_id=155\"]}]},{\"@type\":\"BreadcrumbList\",\"@id\":\"https:\/\/bieglyaudyt.pl\/?page_id=155#breadcrumb\",\"itemListElement\":[{\"@type\":\"ListItem\",\"position\":1,\"name\":\"Strona g\u0142\u00f3wna\",\"item\":\"https:\/\/bieglyaudyt.pl\/\"},{\"@type\":\"ListItem\",\"position\":2,\"name\":\"Aktywy audyt\",\"item\":\"https:\/\/bieglyaudyt.pl\/?page_id=35\"},{\"@type\":\"ListItem\",\"position\":3,\"name\":\"Audyt od kuchni\",\"item\":\"https:\/\/bieglyaudyt.pl\/?page_id=152\"},{\"@type\":\"ListItem\",\"position\":4,\"name\":\"Istotne liczby: Jak materialno\u015b\u0107 definiuje zakres audytu\"}]},{\"@type\":\"WebSite\",\"@id\":\"https:\/\/bieglyaudyt.pl\/#website\",\"url\":\"https:\/\/bieglyaudyt.pl\/\",\"name\":\"Bieg\u0142y Audyt\",\"description\":\"\",\"publisher\":{\"@id\":\"https:\/\/bieglyaudyt.pl\/#organization\"},\"potentialAction\":[{\"@type\":\"SearchAction\",\"target\":{\"@type\":\"EntryPoint\",\"urlTemplate\":\"https:\/\/bieglyaudyt.pl\/?s={search_term_string}\"},\"query-input\":\"required name=search_term_string\"}],\"inLanguage\":\"pl-PL\"},{\"@type\":\"Organization\",\"@id\":\"https:\/\/bieglyaudyt.pl\/#organization\",\"name\":\"Bieg\u0142y Audyt\",\"url\":\"https:\/\/bieglyaudyt.pl\/\",\"logo\":{\"@type\":\"ImageObject\",\"inLanguage\":\"pl-PL\",\"@id\":\"https:\/\/bieglyaudyt.pl\/#\/schema\/logo\/image\/\",\"url\":\"https:\/\/bieglyaudyt.pl\/wp-content\/uploads\/2024\/01\/cropped-biegly-rewident-audyt-finasowy-1.png\",\"contentUrl\":\"https:\/\/bieglyaudyt.pl\/wp-content\/uploads\/2024\/01\/cropped-biegly-rewident-audyt-finasowy-1.png\",\"width\":1600,\"height\":475,\"caption\":\"Bieg\u0142y Audyt\"},\"image\":{\"@id\":\"https:\/\/bieglyaudyt.pl\/#\/schema\/logo\/image\/\"}}]}<\/script>\n<!-- \/ Yoast SEO plugin. -->","yoast_head_json":{"title":"Istotne liczby: Jak materialno\u015b\u0107 definiuje zakres audytu - Bieg\u0142y Audyt","robots":{"index":"index","follow":"follow","max-snippet":"max-snippet:-1","max-image-preview":"max-image-preview:large","max-video-preview":"max-video-preview:-1"},"canonical":"https:\/\/bieglyaudyt.pl\/?page_id=155","og_locale":"pl_PL","og_type":"article","og_title":"Istotne liczby: Jak materialno\u015b\u0107 definiuje zakres audytu - Bieg\u0142y Audyt","og_description":"Tre\u015b\u0107 w trakcie przygotowania","og_url":"https:\/\/bieglyaudyt.pl\/?page_id=155","og_site_name":"Bieg\u0142y Audyt","article_modified_time":"2024-01-09T21:31:19+00:00","twitter_card":"summary_large_image","schema":{"@context":"https:\/\/schema.org","@graph":[{"@type":"WebPage","@id":"https:\/\/bieglyaudyt.pl\/?page_id=155","url":"https:\/\/bieglyaudyt.pl\/?page_id=155","name":"Istotne liczby: Jak materialno\u015b\u0107 definiuje zakres audytu - Bieg\u0142y Audyt","isPartOf":{"@id":"https:\/\/bieglyaudyt.pl\/#website"},"datePublished":"2023-12-27T14:49:32+00:00","dateModified":"2024-01-09T21:31:19+00:00","breadcrumb":{"@id":"https:\/\/bieglyaudyt.pl\/?page_id=155#breadcrumb"},"inLanguage":"pl-PL","potentialAction":[{"@type":"ReadAction","target":["https:\/\/bieglyaudyt.pl\/?page_id=155"]}]},{"@type":"BreadcrumbList","@id":"https:\/\/bieglyaudyt.pl\/?page_id=155#breadcrumb","itemListElement":[{"@type":"ListItem","position":1,"name":"Strona g\u0142\u00f3wna","item":"https:\/\/bieglyaudyt.pl\/"},{"@type":"ListItem","position":2,"name":"Aktywy audyt","item":"https:\/\/bieglyaudyt.pl\/?page_id=35"},{"@type":"ListItem","position":3,"name":"Audyt od kuchni","item":"https:\/\/bieglyaudyt.pl\/?page_id=152"},{"@type":"ListItem","position":4,"name":"Istotne liczby: Jak materialno\u015b\u0107 definiuje zakres audytu"}]},{"@type":"WebSite","@id":"https:\/\/bieglyaudyt.pl\/#website","url":"https:\/\/bieglyaudyt.pl\/","name":"Bieg\u0142y Audyt","description":"","publisher":{"@id":"https:\/\/bieglyaudyt.pl\/#organization"},"potentialAction":[{"@type":"SearchAction","target":{"@type":"EntryPoint","urlTemplate":"https:\/\/bieglyaudyt.pl\/?s={search_term_string}"},"query-input":"required name=search_term_string"}],"inLanguage":"pl-PL"},{"@type":"Organization","@id":"https:\/\/bieglyaudyt.pl\/#organization","name":"Bieg\u0142y Audyt","url":"https:\/\/bieglyaudyt.pl\/","logo":{"@type":"ImageObject","inLanguage":"pl-PL","@id":"https:\/\/bieglyaudyt.pl\/#\/schema\/logo\/image\/","url":"https:\/\/bieglyaudyt.pl\/wp-content\/uploads\/2024\/01\/cropped-biegly-rewident-audyt-finasowy-1.png","contentUrl":"https:\/\/bieglyaudyt.pl\/wp-content\/uploads\/2024\/01\/cropped-biegly-rewident-audyt-finasowy-1.png","width":1600,"height":475,"caption":"Bieg\u0142y Audyt"},"image":{"@id":"https:\/\/bieglyaudyt.pl\/#\/schema\/logo\/image\/"}}]}},"_links":{"self":[{"href":"https:\/\/bieglyaudyt.pl\/index.php?rest_route=\/wp\/v2\/pages\/155","targetHints":{"allow":["GET"]}}],"collection":[{"href":"https:\/\/bieglyaudyt.pl\/index.php?rest_route=\/wp\/v2\/pages"}],"about":[{"href":"https:\/\/bieglyaudyt.pl\/index.php?rest_route=\/wp\/v2\/types\/page"}],"author":[{"embeddable":true,"href":"https:\/\/bieglyaudyt.pl\/index.php?rest_route=\/wp\/v2\/users\/2"}],"replies":[{"embeddable":true,"href":"https:\/\/bieglyaudyt.pl\/index.php?rest_route=%2Fwp%2Fv2%2Fcomments&post=155"}],"version-history":[{"count":2,"href":"https:\/\/bieglyaudyt.pl\/index.php?rest_route=\/wp\/v2\/pages\/155\/revisions"}],"predecessor-version":[{"id":317,"href":"https:\/\/bieglyaudyt.pl\/index.php?rest_route=\/wp\/v2\/pages\/155\/revisions\/317"}],"up":[{"embeddable":true,"href":"https:\/\/bieglyaudyt.pl\/index.php?rest_route=\/wp\/v2\/pages\/152"}],"wp:attachment":[{"href":"https:\/\/bieglyaudyt.pl\/index.php?rest_route=%2Fwp%2Fv2%2Fmedia&parent=155"}],"curies":[{"name":"wp","href":"https:\/\/api.w.org\/{rel}","templated":true}]}}